{"id":2000,"date":"2026-01-22T09:22:55","date_gmt":"2026-01-22T09:22:55","guid":{"rendered":"https:\/\/amidon89.org\/?page_id=2000"},"modified":"2026-01-29T09:01:50","modified_gmt":"2026-01-29T09:01:50","slug":"contact","status":"publish","type":"page","link":"https:\/\/amidon89.org\/index.php\/contact\/","title":{"rendered":"Contact Amidon 89"},"content":{"rendered":"\t\t<div data-elementor-type=\"wp-page\" data-elementor-id=\"2000\" class=\"elementor elementor-2000\">\n\t\t\t\t<div class=\"elementor-element elementor-element-5aeb5e07 e-flex e-con-boxed wpr-particle-no wpr-jarallax-no wpr-parallax-no wpr-sticky-section-no wpr-equal-height-no e-con e-child\" data-id=\"5aeb5e07\" data-element_type=\"container\" data-e-type=\"container\" data-settings=\"{&quot;animation&quot;:&quot;none&quot;,&quot;animation_delay&quot;:50,&quot;background_background&quot;:&quot;gradient&quot;}\">\n\t\t\t\t\t<div class=\"e-con-inner\">\n\t\t<div class=\"elementor-element elementor-element-e18405d e-con-full e-flex wpr-particle-no wpr-jarallax-no wpr-parallax-no wpr-sticky-section-no wpr-equal-height-no e-con e-child\" data-id=\"e18405d\" data-element_type=\"container\" data-e-type=\"container\">\n\t\t\t\t<div class=\"elementor-element elementor-element-69ec03f0 elementor-invisible elementor-widget elementor-widget-heading\" data-id=\"69ec03f0\" data-element_type=\"widget\" data-e-type=\"widget\" data-settings=\"{&quot;_animation&quot;:&quot;zoomIn&quot;}\" data-widget_type=\"heading.default\">\n\t\t\t\t\t<h1 class=\"elementor-heading-title elementor-size-default\">Contactez Amidon 89<\/h1>\t\t\t\t<\/div>\n\t\t\t\t<div class=\"elementor-element elementor-element-712eb92 elementor-widget elementor-widget-image\" data-id=\"712eb92\" data-element_type=\"widget\" data-e-type=\"widget\" data-widget_type=\"image.default\">\n\t\t\t\t\t\t\t\t\t\t\t\t\t\t\t<img data-opt-id=461868038  fetchpriority=\"high\" decoding=\"async\" width=\"37\" height=\"34\" src=\"https:\/\/mlqz4hkzvt9h.i.optimole.com\/cb:rEwJ.e15\/w:37\/h:34\/q:mauto\/rt:fill\/g:ce\/f:best\/dpr:2\/https:\/\/amidon89.org\/wp-content\/uploads\/2026\/01\/etoiles-b.png\" class=\"attachment-thumbnail size-thumbnail wp-image-1298\" alt=\"\" \/>\t\t\t\t\t\t\t\t\t\t\t\t\t\t\t<\/div>\n\t\t\t\t<div class=\"elementor-element elementor-element-4131955 elementor-widget elementor-widget-heading\" data-id=\"4131955\" data-element_type=\"widget\" data-e-type=\"widget\" data-widget_type=\"heading.default\">\n\t\t\t\t\t<h4 class=\"elementor-heading-title elementor-size-default\">Services textiles solidaires &amp; insertion professionnelle dans l\u2019Yonne<\/h4>\t\t\t\t<\/div>\n\t\t\t\t<div class=\"elementor-element elementor-element-60d23616 elementor-invisible elementor-widget elementor-widget-heading\" data-id=\"60d23616\" data-element_type=\"widget\" data-e-type=\"widget\" data-settings=\"{&quot;_animation&quot;:&quot;fadeIn&quot;}\" data-widget_type=\"heading.default\">\n\t\t\t\t\t<h5 class=\"elementor-heading-title elementor-size-default\">Devis gratuit \/ Candidature<\/h5>\t\t\t\t<\/div>\n\t\t\t\t<div class=\"elementor-element elementor-element-1338d09b texte-puce elementor-invisible elementor-widget elementor-widget-text-editor\" data-id=\"1338d09b\" data-element_type=\"widget\" data-e-type=\"widget\" data-settings=\"{&quot;_animation&quot;:&quot;fadeIn&quot;,&quot;_animation_delay&quot;:500}\" data-widget_type=\"text-editor.default\">\n\t\t\t\t\t\t\t\t\t<p style=\"text-align: center;\">B\u00e9n\u00e9ficiez d\u2019un service textile fiable et soign\u00e9 tout en soutenant concr\u00e8tement l\u2019emploi local et solidaire.<br \/>Que vous soyez particulier, professionnel ou candidat \u00e0 l\u2019insertion, notre \u00e9quipe est \u00e0 votre \u00e9coute.<\/p><p style=\"text-align: center;\">Alors, n&rsquo;h\u00e9sitez pas, contactez Amidon 89, par t\u00e9l\u00e9phone ou via le formulaire ci-dessous.<\/p>\t\t\t\t\t\t\t\t<\/div>\n\t\t\t\t<div class=\"elementor-element elementor-element-7ec9fd88 elementor-widget elementor-widget-heading\" data-id=\"7ec9fd88\" data-element_type=\"widget\" data-e-type=\"widget\" data-widget_type=\"heading.default\">\n\t\t\t\t\t<h5 class=\"elementor-heading-title elementor-size-default\"><a href=\"#ateliers\">Trouvez-nous pr\u00e8s de chez vous : 2 ateliers \u00e0 Auxerre et Chablis, 1 d\u00e9p\u00f4t \u00e0 Saint-Florentin<\/a><\/h5>\t\t\t\t<\/div>\n\t\t\t\t<div class=\"elementor-element elementor-element-4cf9c81c elementor-align-center elementor-widget__width-inherit elementor-widget elementor-widget-button\" data-id=\"4cf9c81c\" data-element_type=\"widget\" data-e-type=\"widget\" data-widget_type=\"button.default\">\n\t\t\t\t\t\t\t\t\t\t<a class=\"elementor-button elementor-button-link elementor-size-sm\" href=\"tel:0386466512\">\n\t\t\t\t\t\t<span class=\"elementor-button-content-wrapper\">\n\t\t\t\t\t\t<span class=\"elementor-button-icon\">\n\t\t\t\t<svg aria-hidden=\"true\" class=\"e-font-icon-svg e-fas-phone-alt\" viewBox=\"0 0 512 512\" xmlns=\"http:\/\/www.w3.org\/2000\/svg\"><path d=\"M497.39 361.8l-112-48a24 24 0 0 0-28 6.9l-49.6 60.6A370.66 370.66 0 0 1 130.6 204.11l60.6-49.6a23.94 23.94 0 0 0 6.9-28l-48-112A24.16 24.16 0 0 0 122.6.61l-104 24A24 24 0 0 0 0 48c0 256.5 207.9 464 464 464a24 24 0 0 0 23.4-18.6l24-104a24.29 24.29 0 0 0-14.01-27.6z\"><\/path><\/svg>\t\t\t<\/span>\n\t\t\t\t\t\t\t\t\t<span class=\"elementor-button-text\">03 86 46 65 12<\/span>\n\t\t\t\t\t<\/span>\n\t\t\t\t\t<\/a>\n\t\t\t\t\t\t\t\t<\/div>\n\t\t<div class=\"elementor-element elementor-element-6326558c e-con-full e-flex wpr-particle-no wpr-jarallax-no wpr-parallax-no wpr-sticky-section-no wpr-equal-height-no e-con e-child\" data-id=\"6326558c\" data-element_type=\"container\" data-e-type=\"container\" data-settings=\"{&quot;background_background&quot;:&quot;classic&quot;}\">\n\t\t\t\t<div class=\"elementor-element elementor-element-509c28cb elementor-widget elementor-widget-text-editor\" data-id=\"509c28cb\" data-element_type=\"widget\" data-e-type=\"widget\" data-widget_type=\"text-editor.default\">\n\t\t\t\t\t\t\t\t\t<p>Contact direct et conseil personnalis\u00e9<\/p>\t\t\t\t\t\t\t\t<\/div>\n\t\t\t\t<div class=\"elementor-element elementor-element-86782c6 elementor-widget elementor-widget-menu-anchor\" data-id=\"86782c6\" data-element_type=\"widget\" data-e-type=\"widget\" data-widget_type=\"menu-anchor.default\">\n\t\t\t\t\t\t\t<div class=\"elementor-menu-anchor\" id=\"form\"><\/div>\n\t\t\t\t\t\t<\/div>\n\t\t\t\t<\/div>\n\t\t<div class=\"elementor-element elementor-element-a28ef99 e-con-full e-flex wpr-particle-no wpr-jarallax-no wpr-parallax-no wpr-sticky-section-no wpr-equal-height-no e-con e-child\" data-id=\"a28ef99\" data-element_type=\"container\" data-e-type=\"container\" data-settings=\"{&quot;shape_divider_top&quot;:&quot;arrow&quot;}\">\n\t\t\t\t<div class=\"elementor-shape elementor-shape-top\" aria-hidden=\"true\" data-negative=\"false\">\n\t\t\t<svg xmlns=\"http:\/\/www.w3.org\/2000\/svg\" viewBox=\"0 0 700 10\" preserveAspectRatio=\"none\">\n\t<path class=\"elementor-shape-fill\" d=\"M350,10L340,0h20L350,10z\"\/>\n<\/svg>\t\t<\/div>\n\t\t\t\t<div class=\"elementor-element elementor-element-77cbf97 formulaire elementor-widget elementor-widget-shortcode\" data-id=\"77cbf97\" data-element_type=\"widget\" data-e-type=\"widget\" data-widget_type=\"shortcode.default\">\n\t\t\t\t\t\t\t<div class=\"elementor-shortcode\">\n<div class=\"wpcf7 no-js\" id=\"wpcf7-f1952-o1\" lang=\"fr-FR\" dir=\"ltr\" data-wpcf7-id=\"1952\">\n<div class=\"screen-reader-response\"><p role=\"status\" aria-live=\"polite\" aria-atomic=\"true\"><\/p> <ul><\/ul><\/div>\n<form action=\"\/index.php\/wp-json\/wp\/v2\/pages\/2000#wpcf7-f1952-o1\" method=\"post\" class=\"wpcf7-form init\" aria-label=\"Formulaire de contact\" enctype=\"multipart\/form-data\" novalidate=\"novalidate\" data-status=\"init\">\n<fieldset class=\"hidden-fields-container\"><input type=\"hidden\" name=\"_wpcf7\" value=\"1952\" \/><input type=\"hidden\" name=\"_wpcf7_version\" value=\"6.1.5\" \/><input type=\"hidden\" name=\"_wpcf7_locale\" value=\"fr_FR\" \/><input type=\"hidden\" name=\"_wpcf7_unit_tag\" value=\"wpcf7-f1952-o1\" \/><input type=\"hidden\" name=\"_wpcf7_container_post\" value=\"0\" \/><input type=\"hidden\" name=\"_wpcf7_posted_data_hash\" value=\"\" \/>\n<\/fieldset>\n<h3>Formulaire de contact\n<\/h3>\n<p class=\"center\">Demande de devis, candidature ou question : nous vous r\u00e9pondons rapidement.\n<\/p>\n<div class=\"cf7resp\">\n\t<table>\n\t\t<tr>\n\t\t\t<td>\n\t\t\t\t<p><label><span class=\"wpcf7-form-control-wrap\" data-name=\"your-name\"><input size=\"40\" maxlength=\"400\" class=\"wpcf7-form-control wpcf7-text wpcf7-validates-as-required\" autocomplete=\"name\" aria-required=\"true\" aria-invalid=\"false\" placeholder=\"Votre nom\" value=\"\" type=\"text\" name=\"your-name\" \/><\/span><\/label>\n\t\t\t\t<\/p>\n\t\t\t<\/td>\n\t\t\t<td>\n\t\t\t\t<p><label> <span class=\"wpcf7-form-control-wrap\" data-name=\"your-first-Name\"><input size=\"40\" maxlength=\"400\" class=\"wpcf7-form-control wpcf7-text wpcf7-validates-as-required\" autocomplete=\"fisrtname\" aria-required=\"true\" aria-invalid=\"false\" placeholder=\"Pr\u00e9nom\" value=\"\" type=\"text\" name=\"your-first-Name\" \/><\/span> <\/label>\n\t\t\t\t<\/p>\n\t\t\t<\/td>\n\t\t<\/tr>\n\t\t<tr>\n\t\t\t<td colspan=\"2\">\n\t\t\t\t<p><label><span class=\"wpcf7-form-control-wrap\" data-name=\"your-email\"><input size=\"40\" maxlength=\"400\" class=\"wpcf7-form-control wpcf7-email wpcf7-validates-as-required wpcf7-text wpcf7-validates-as-email\" autocomplete=\"email\" aria-required=\"true\" aria-invalid=\"false\" placeholder=\"E-mail\" value=\"\" type=\"email\" name=\"your-email\" \/><\/span> <\/label>\n\t\t\t\t<\/p>\n\t\t\t<\/td>\n\t\t<\/tr>\n\t\t<tr>\n\t\t\t<td colspan=\"2\">\n\t\t\t\t<p><label class:candidature>Envoyez votre candidature <span class=\"wpcf7-form-control-wrap\" data-name=\"your-file\"><input size=\"40\" class=\"wpcf7-form-control wpcf7-file\" accept=\".pdf,.txt,.docx\" aria-invalid=\"false\" type=\"file\" name=\"your-file\" \/><\/span><\/label>\n\t\t\t\t<\/p>\n\t\t\t<\/td>\n\t\t<\/tr>\n\t\t<tr>\n\t\t\t<td colspan=\"2\">\n\t\t\t\t<p><label>Vous \u00eates : <span class=\"wpcf7-form-control-wrap\" data-name=\"select-856\"><select class=\"wpcf7-form-control wpcf7-select wpcf7-validates-as-required\" aria-required=\"true\" aria-invalid=\"false\" name=\"select-856\"><option value=\"un particulier\">un particulier<\/option><option value=\"un professionnel\">un professionnel<\/option><\/select><\/span><\/label>\n\t\t\t\t<\/p>\n\t\t\t<\/td>\n\t\t<\/tr>\n\t\t<tr>\n\t\t\t<td colspan=\"2\">\n\t\t\t\t<p><label>Objet de votre demande : <span class=\"wpcf7-form-control-wrap\" data-name=\"mon-sujet\"><select class=\"wpcf7-form-control wpcf7-select wpcf7-validates-as-required\" aria-required=\"true\" aria-invalid=\"false\" name=\"mon-sujet\"><option value=\"Demande de devis (pro)\">Demande de devis (pro)<\/option><option value=\"Demande de rappel pour renseignements\">Demande de rappel pour renseignements<\/option><option value=\"Candidatures - d\u00e9poser un Cv\">Candidatures - d\u00e9poser un Cv<\/option><option value=\"Demande de stage\">Demande de stage<\/option><option value=\"Contact partenaires\">Contact partenaires<\/option><option value=\"B\u00e9n\u00e9volat\">B\u00e9n\u00e9volat<\/option><\/select><\/span><\/label>\n\t\t\t\t<\/p>\n\t\t\t<\/td>\n\t\t<\/tr>\n\t\t<tr>\n\t\t\t<td colspan=\"2\">\n\t\t\t\t<p><label class:message> Votre message <span class=\"wpcf7-form-control-wrap\" data-name=\"your-message\"><textarea cols=\"60\" rows=\"3\" maxlength=\"2000\" class=\"wpcf7-form-control wpcf7-textarea wpcf7-validates-as-required\" aria-required=\"true\" aria-invalid=\"false\" placeholder=\"Votre message\" name=\"your-message\"><\/textarea><\/span> <\/label>\n\t\t\t\t<\/p>\n\t\t\t<\/td>\n\t\t<\/tr>\n\t\t<td>\n\t\t\t<p><span class=\"wpcf7-form-control-wrap\" data-name=\"validation-rgpd\"><span class=\"wpcf7-form-control wpcf7-checkbox wpcf7-validates-as-required\"><span class=\"wpcf7-list-item first last\"><label><input type=\"checkbox\" name=\"validation-rgpd[]\" value=\"J&#039;accepte que mon e-mail soit stock\u00e9 pour apporter une r\u00e9ponse\" \/><span class=\"wpcf7-list-item-label\">J&#039;accepte que mon e-mail soit stock\u00e9 pour apporter une r\u00e9ponse<\/span><\/label><\/span><\/span><\/span>\n\t\t\t<\/p>\n\t\t<\/td>\n\t\t<tr>\n\t\t\t<td colspan=\"2\">\n\t\t\t\t<p><input class=\"wpcf7-form-control wpcf7-submit has-spinner\" type=\"submit\" value=\"Envoyer\" \/>\n\t\t\t\t<\/p>\n\t\t\t<\/td>\n\t\t<\/tr>\n\t<\/table>\n<\/div><p style=\"display: none !important;\" class=\"akismet-fields-container\" data-prefix=\"_wpcf7_ak_\"><label>&#916;<textarea name=\"_wpcf7_ak_hp_textarea\" cols=\"45\" rows=\"8\" maxlength=\"100\"><\/textarea><\/label><input type=\"hidden\" id=\"ak_js_1\" name=\"_wpcf7_ak_js\" value=\"31\"\/><script>\ndocument.getElementById( \"ak_js_1\" ).setAttribute( \"value\", ( new Date() ).getTime() );\n<\/script>\n<\/p><div class=\"wpcf7-response-output\" aria-hidden=\"true\"><\/div>\n<\/form>\n<\/div>\n<\/div>\n\t\t\t\t\t\t<\/div>\n\t\t\t\t<\/div>\n\t\t\t\t<\/div>\n\t\t\t\t\t<\/div>\n\t\t\t\t<\/div>\n\t\t<div class=\"elementor-element elementor-element-53ec02b e-flex e-con-boxed wpr-particle-no wpr-jarallax-no wpr-parallax-no wpr-sticky-section-no wpr-equal-height-no e-con e-parent\" data-id=\"53ec02b\" data-element_type=\"container\" data-e-type=\"container\">\n\t\t\t\t\t<div class=\"e-con-inner\">\n\t\t\t\t<div class=\"elementor-element elementor-element-ee569ed elementor-widget elementor-widget-menu-anchor\" data-id=\"ee569ed\" data-element_type=\"widget\" data-e-type=\"widget\" data-widget_type=\"menu-anchor.default\">\n\t\t\t\t\t\t\t<div class=\"elementor-menu-anchor\" id=\"ateliers\"><\/div>\n\t\t\t\t\t\t<\/div>\n\t\t\t\t<div class=\"elementor-element elementor-element-2842e64 elementor-widget elementor-widget-heading\" data-id=\"2842e64\" data-element_type=\"widget\" data-e-type=\"widget\" data-widget_type=\"heading.default\">\n\t\t\t\t\t<h3 class=\"elementor-heading-title elementor-size-default\">Nos ateliers<\/h3>\t\t\t\t<\/div>\n\t\t\t\t\t<\/div>\n\t\t\t\t<\/div>\n\t\t<div class=\"elementor-element elementor-element-fc0efbc e-flex e-con-boxed wpr-particle-no wpr-jarallax-no wpr-parallax-no wpr-sticky-section-no wpr-equal-height-no e-con e-parent\" data-id=\"fc0efbc\" data-element_type=\"container\" data-e-type=\"container\">\n\t\t\t\t\t<div class=\"e-con-inner\">\n\t\t<div class=\"elementor-element elementor-element-ab0296b e-con-full e-flex wpr-particle-no wpr-jarallax-no wpr-parallax-no wpr-sticky-section-no wpr-equal-height-no e-con e-child\" data-id=\"ab0296b\" data-element_type=\"container\" data-e-type=\"container\">\n\t\t\t\t<div class=\"elementor-element elementor-element-1b40d92 elementor-widget elementor-widget-heading\" data-id=\"1b40d92\" data-element_type=\"widget\" data-e-type=\"widget\" data-widget_type=\"heading.default\">\n\t\t\t\t\t<h4 class=\"elementor-heading-title elementor-size-default\">Atelier d'Auxerre<\/h4>\t\t\t\t<\/div>\n\t\t\t\t<div class=\"elementor-element elementor-element-adcf492 elementor-widget elementor-widget-heading\" data-id=\"adcf492\" data-element_type=\"widget\" data-e-type=\"widget\" data-widget_type=\"heading.default\">\n\t\t\t\t\t<p class=\"elementor-heading-title elementor-size-default\">\ud83d\udccd 27, place Corot<\/p>\t\t\t\t<\/div>\n\t\t\t\t<div class=\"elementor-element elementor-element-fe44ae3 elementor-widget elementor-widget-text-editor\" data-id=\"fe44ae3\" data-element_type=\"widget\" data-e-type=\"widget\" data-widget_type=\"text-editor.default\">\n\t\t\t\t\t\t\t\t\t<p style=\"text-align: center;\">Atelier principal d\u00e9di\u00e9 \u00e0 la blanchisserie, au repassage et \u00e0 la couture.<br \/>Accueil des particuliers et des professionnels.<\/p>\t\t\t\t\t\t\t\t<\/div>\n\t\t\t\t<\/div>\n\t\t<div class=\"elementor-element elementor-element-dc1d484 e-con-full e-flex wpr-particle-no wpr-jarallax-no wpr-parallax-no wpr-sticky-section-no wpr-equal-height-no e-con e-child\" data-id=\"dc1d484\" data-element_type=\"container\" data-e-type=\"container\">\n\t\t\t\t<div class=\"elementor-element elementor-element-0b742fb elementor-widget elementor-widget-heading\" data-id=\"0b742fb\" data-element_type=\"widget\" data-e-type=\"widget\" data-widget_type=\"heading.default\">\n\t\t\t\t\t<h4 class=\"elementor-heading-title elementor-size-default\">Atelier de Chablis<\/h4>\t\t\t\t<\/div>\n\t\t\t\t<div class=\"elementor-element elementor-element-4e11e65 elementor-widget elementor-widget-heading\" data-id=\"4e11e65\" data-element_type=\"widget\" data-e-type=\"widget\" data-widget_type=\"heading.default\">\n\t\t\t\t\t<p class=\"elementor-heading-title elementor-size-default\">\ud83d\udccd 15, rue Marcelin-Berthelot<\/p>\t\t\t\t<\/div>\n\t\t\t\t<div class=\"elementor-element elementor-element-2a06ef5 elementor-widget elementor-widget-text-editor\" data-id=\"2a06ef5\" data-element_type=\"widget\" data-e-type=\"widget\" data-widget_type=\"text-editor.default\">\n\t\t\t\t\t\t\t\t\t<p style=\"text-align: center;\">Atelier textile de proximit\u00e9 au service des habitants et des acteurs locaux, notamment les h\u00e9bergements touristiques.<\/p>\t\t\t\t\t\t\t\t<\/div>\n\t\t\t\t<\/div>\n\t\t<div class=\"elementor-element elementor-element-f9f20f7 e-con-full e-flex wpr-particle-no wpr-jarallax-no wpr-parallax-no wpr-sticky-section-no wpr-equal-height-no e-con e-child\" data-id=\"f9f20f7\" data-element_type=\"container\" data-e-type=\"container\">\n\t\t\t\t<div class=\"elementor-element elementor-element-5d48574 elementor-widget elementor-widget-heading\" data-id=\"5d48574\" data-element_type=\"widget\" data-e-type=\"widget\" data-widget_type=\"heading.default\">\n\t\t\t\t\t<h4 class=\"elementor-heading-title elementor-size-default\">Point de collecte<\/h4>\t\t\t\t<\/div>\n\t\t\t\t<div class=\"elementor-element elementor-element-b0ea4f9 elementor-widget elementor-widget-heading\" data-id=\"b0ea4f9\" data-element_type=\"widget\" data-e-type=\"widget\" data-widget_type=\"heading.default\">\n\t\t\t\t\t<p class=\"elementor-heading-title elementor-size-default\">\ud83d\udccd  37, rue du Fbg du Pont<\/p>\t\t\t\t<\/div>\n\t\t\t\t<div class=\"elementor-element elementor-element-f758798 elementor-widget elementor-widget-text-editor\" data-id=\"f758798\" data-element_type=\"widget\" data-e-type=\"widget\" data-widget_type=\"text-editor.default\">\n\t\t\t\t\t\t\t\t\t<p style=\"text-align: center;\">D\u00e9p\u00f4t et retrait de linge.<br \/>Solution pratique pour les particuliers et professionnels du secteur.<\/p>\t\t\t\t\t\t\t\t<\/div>\n\t\t\t\t<\/div>\n\t\t\t\t\t<\/div>\n\t\t\t\t<\/div>\n\t\t<div class=\"elementor-element elementor-element-8ce2fe8 e-flex e-con-boxed wpr-particle-no wpr-jarallax-no wpr-parallax-no wpr-sticky-section-no wpr-equal-height-no e-con e-parent\" data-id=\"8ce2fe8\" data-element_type=\"container\" data-e-type=\"container\">\n\t\t\t\t\t<div class=\"e-con-inner\">\n\t\t\t\t<div class=\"elementor-element elementor-element-7ed35b3 elementor-widget__width-inherit elementor-widget elementor-widget-google_maps\" data-id=\"7ed35b3\" data-element_type=\"widget\" data-e-type=\"widget\" data-widget_type=\"google_maps.default\">\n\t\t\t\t\t\t\t<div class=\"elementor-custom-embed\">\n\t\t\t<iframe loading=\"lazy\"\n\t\t\t\t\tsrc=\"https:\/\/maps.google.com\/maps?q=Amidon%2089%2C%2027%20Pl.%20Corot%2C%2089000%20Auxerre&#038;t=m&#038;z=12&#038;output=embed&#038;iwloc=near\"\n\t\t\t\t\ttitle=\"Amidon 89, 27 Pl. Corot, 89000 Auxerre\"\n\t\t\t\t\taria-label=\"Amidon 89, 27 Pl. Corot, 89000 Auxerre\"\n\t\t\t><\/iframe>\n\t\t<\/div>\n\t\t\t\t\t\t<\/div>\n\t\t\t\t\t<\/div>\n\t\t\t\t<\/div>\n\t\t\t\t<\/div>\n\t\t","protected":false},"excerpt":{"rendered":"<p>Contactez Amidon 89 Services textiles solidaires &amp; insertion professionnelle dans l\u2019Yonne Devis gratuit \/ Candidature B\u00e9n\u00e9ficiez d\u2019un service textile fiable et soign\u00e9 tout en soutenant concr\u00e8tement l\u2019emploi local et solidaire.Que vous soyez particulier, professionnel ou candidat \u00e0 l\u2019insertion, notre \u00e9quipe est \u00e0 votre \u00e9coute. Alors, n&rsquo;h\u00e9sitez pas, contactez Amidon 89, par t\u00e9l\u00e9phone ou via le formulaire ci-dessous. Trouvez-nous pr\u00e8s de chez vous : 2 ateliers \u00e0 Auxerre et Chablis, 1 d\u00e9p\u00f4t \u00e0 Saint-Florentin 03 86 46 65 12 Contact direct et conseil personnalis\u00e9 Nos ateliers Atelier d&rsquo;Auxerre \ud83d\udccd 27, place Corot Atelier principal d\u00e9di\u00e9 \u00e0 la blanchisserie, au repassage et \u00e0 la couture.Accueil des particuliers et des professionnels. Atelier de Chablis \ud83d\udccd 15, rue Marcelin-Berthelot Atelier textile de proximit\u00e9 au service des habitants et des acteurs locaux, notamment les h\u00e9bergements touristiques. Point de collecte \ud83d\udccd 37, rue du Fbg du Pont D\u00e9p\u00f4t et retrait de linge.Solution pratique pour les particuliers et professionnels du secteur.<\/p>\n","protected":false},"author":1,"featured_media":0,"parent":0,"menu_order":0,"comment_status":"closed","ping_status":"closed","template":"","meta":{"site-sidebar-layout":"no-sidebar","site-content-layout":"","ast-site-content-layout":"full-width-container","site-content-style":"default","site-sidebar-style":"default","ast-global-header-display":"","ast-banner-title-visibility":"","ast-main-header-display":"","ast-hfb-above-header-display":"","ast-hfb-below-header-display":"","ast-hfb-mobile-header-display":"","site-post-title":"","ast-breadcrumbs-content":"","ast-featured-img":"disabled","footer-sml-layout":"","ast-disable-related-posts":"","theme-transparent-header-meta":"","adv-header-id-meta":"","stick-header-meta":"","header-above-stick-meta":"","header-main-stick-meta":"","header-below-stick-meta":"","astra-migrate-meta-layouts":"default","ast-page-background-enabled":"default","ast-page-background-meta":{"desktop":{"background-color":"var(--ast-global-color-5)","background-image":"","background-repeat":"repeat","background-position":"center center","background-size":"auto","background-attachment":"scroll","background-type":"","background-media":"","overlay-type":"","overlay-color":"","overlay-opacity":"","overlay-gradient":""},"tablet":{"background-color":"","background-image":"","background-repeat":"repeat","background-position":"center center","background-size":"auto","background-attachment":"scroll","background-type":"","background-media":"","overlay-type":"","overlay-color":"","overlay-opacity":"","overlay-gradient":""},"mobile":{"background-color":"","background-image":"","background-repeat":"repeat","background-position":"center center","background-size":"auto","background-attachment":"scroll","background-type":"","background-media":"","overlay-type":"","overlay-color":"","overlay-opacity":"","overlay-gradient":""}},"ast-content-background-meta":{"desktop":{"background-color":"var(--ast-global-color-4)","background-image":"","background-repeat":"repeat","background-position":"center center","background-size":"auto","background-attachment":"scroll","background-type":"","background-media":"","overlay-type":"","overlay-color":"","overlay-opacity":"","overlay-gradient":""},"tablet":{"background-color":"var(--ast-global-color-4)","background-image":"","background-repeat":"repeat","background-position":"center center","background-size":"auto","background-attachment":"scroll","background-type":"","background-media":"","overlay-type":"","overlay-color":"","overlay-opacity":"","overlay-gradient":""},"mobile":{"background-color":"var(--ast-global-color-4)","background-image":"","background-repeat":"repeat","background-position":"center center","background-size":"auto","background-attachment":"scroll","background-type":"","background-media":"","overlay-type":"","overlay-color":"","overlay-opacity":"","overlay-gradient":""}},"footnotes":""},"class_list":["post-2000","page","type-page","status-publish","hentry"],"aioseo_notices":[],"_links":{"self":[{"href":"https:\/\/amidon89.org\/index.php\/wp-json\/wp\/v2\/pages\/2000","targetHints":{"allow":["GET"]}}],"collection":[{"href":"https:\/\/amidon89.org\/index.php\/wp-json\/wp\/v2\/pages"}],"about":[{"href":"https:\/\/amidon89.org\/index.php\/wp-json\/wp\/v2\/types\/page"}],"author":[{"embeddable":true,"href":"https:\/\/amidon89.org\/index.php\/wp-json\/wp\/v2\/users\/1"}],"replies":[{"embeddable":true,"href":"https:\/\/amidon89.org\/index.php\/wp-json\/wp\/v2\/comments?post=2000"}],"version-history":[{"count":121,"href":"https:\/\/amidon89.org\/index.php\/wp-json\/wp\/v2\/pages\/2000\/revisions"}],"predecessor-version":[{"id":2267,"href":"https:\/\/amidon89.org\/index.php\/wp-json\/wp\/v2\/pages\/2000\/revisions\/2267"}],"wp:attachment":[{"href":"https:\/\/amidon89.org\/index.php\/wp-json\/wp\/v2\/media?parent=2000"}],"curies":[{"name":"wp","href":"https:\/\/api.w.org\/{rel}","templated":true}]}}